{"id":9102,"date":"2020-05-01T14:22:42","date_gmt":"2020-05-01T05:22:42","guid":{"rendered":"https:\/\/monolith.law\/?page_id=9102"},"modified":"2023-12-05T13:33:16","modified_gmt":"2023-12-05T04:33:16","slug":"request","status":"publish","type":"page","link":"https:\/\/monolith.law\/vi\/request","title":{"rendered":"Y\u00eau c\u1ea7u th\u00f4ng tin"},"content":{"rendered":"\n<section class=\"heading-area\">\n\t<div class=\"heading-area-inner\">\n\t\t<h2 class=\"icon-request\">Y\u00eau c\u1ea7u th\u00f4ng tin<\/h2>\n\t<\/div>\n<\/section>\n\n<section class=\"white-section\">\n\t<div class=\"section-inner border-bottom-section pdt0\">\n\t\t<p class=\"mgb-small\">MONOLITH LAW OFFICE l\u00e0 m\u1ed9t v\u0103n ph\u00f2ng lu\u1eadt s\u01b0 t\u1ea1i Otemachi, Tokyo, chuy\u00ean v\u1ec1 c\u00e1c d\u1ecbch v\u1ee5 ph\u00e1p l\u00fd li\u00ean quan \u0111\u1ebfn IT, Internet v\u00e0 kinh doanh. D\u01b0\u1edbi s\u1ef1 l\u00e3nh \u0111\u1ea1o c\u1ee7a lu\u1eadt s\u01b0 \u0111\u1ea1i di\u1ec7n c\u1ee7a ch\u00fang t\u00f4i, ng\u01b0\u1eddi t\u1eebng l\u00e0 k\u1ef9 s\u01b0 IT v\u1edbi kinh nghi\u1ec7m qu\u1ea3n l\u00fd doanh nghi\u1ec7p, ch\u00fang t\u00f4i cung c\u1ea5p t\u01b0 v\u1ea5n ph\u00e1p l\u00fd cho c\u00e1c c\u00f4ng ty IT v\u00e0 c\u00f4ng ty kh\u1edfi nghi\u1ec7p c\u0169ng nh\u01b0 c\u00e1c c\u00f4ng ty kh\u00e1c li\u00ean quan \u0111\u1ebfn thi\u1ec7t h\u1ea1i danh ti\u1ebfng, ph\u00e1t tri\u1ec3n h\u1ec7 th\u1ed1ng, s\u1edf h\u1eefu tr\u00ed tu\u1ec7 v\u00e0 c\u00e1c v\u1ea5n \u0111\u1ec1 ph\u00e1p l\u00fd kh\u00e1c.<\/p>\n\t\t<p class=\"mgb-middle\">Xin \u0111\u1eebng ng\u1ea7n ng\u1ea1i li\u00ean h\u1ec7 v\u1edbi ch\u00fang t\u00f4i \u0111\u1ec3 nh\u1eadn t\u01b0 v\u1ea5n ph\u00e1p l\u00fd, c\u00e1c v\u1ea5n \u0111\u1ec1 li\u00ean quan \u0111\u1ebfn thi\u1ec7t h\u1ea1i danh ti\u1ebfng v\u00e0 c\u00e1c t\u01b0 v\u1ea5n kh\u00e1c, c\u0169ng nh\u01b0 y\u00eau c\u1ea7u ph\u1ecfng v\u1ea5n, xu\u1ea5t b\u1ea3n v\u00e0 c\u00e1c v\u1ea5n \u0111\u1ec1 li\u00ean quan \u0111\u1ebfn truy\u1ec1n th\u00f4ng.<\/p>\n\t\t<p>*Tr\u01b0\u1edbc khi g\u1eedi tin nh\u1eafn c\u1ee7a b\u1ea1n, vui l\u00f2ng \u0111\u1ecdc v\u00e0 \u0111\u1ed3ng \u00fd v\u1edbi <a href=\"\/en\/privacypolicy\" target=\"_blank\" rel=\"noreferrer noopener\" title=\"\">Ch\u00ednh s\u00e1ch b\u1ea3o m\u1eadt<\/a> c\u1ee7a ch\u00fang t\u00f4i.<\/p>\n\t<\/div>\n<\/section>\n\n\n<div class=\"wpcf7 no-js\" id=\"wpcf7-f61162-o1\" lang=\"ja\" dir=\"ltr\">\n<div class=\"screen-reader-response\"><p role=\"status\" aria-live=\"polite\" aria-atomic=\"true\"><\/p> <ul><\/ul><\/div>\n<form action=\"\/vi\/wp-json\/wp\/v2\/pages\/9102#wpcf7-f61162-o1\" method=\"post\" class=\"wpcf7-form init\" aria-label=\"\u30b3\u30f3\u30bf\u30af\u30c8\u30d5\u30a9\u30fc\u30e0\" novalidate=\"novalidate\" data-status=\"init\">\n<div style=\"display: none;\">\n<input type=\"hidden\" name=\"_wpcf7\" value=\"61162\" \/>\n<input type=\"hidden\" name=\"_wpcf7_version\" value=\"5.8\" \/>\n<input type=\"hidden\" name=\"_wpcf7_locale\" value=\"ja\" \/>\n<input type=\"hidden\" name=\"_wpcf7_unit_tag\" value=\"wpcf7-f61162-o1\" \/>\n<input type=\"hidden\" name=\"_wpcf7_container_post\" value=\"0\" \/>\n<input type=\"hidden\" name=\"_wpcf7_posted_data_hash\" value=\"\" \/>\n<input type=\"hidden\" name=\"_wpcf7_recaptcha_response\" value=\"\" \/>\n<\/div>\n<section class=\"white-section\">\n\t<div class=\"section-inner\">\n\t\t<div class=\"contact-content\">\n\t\t\t<dl>\n\t\t\t\t<dt>\n\t\t\t\t\t<p><span class=\"label\">CompanyName<\/span><span class=\"required\">Required<\/span>\n\t\t\t\t\t<\/p>\n\t\t\t\t<\/dt>\n\t\t\t\t<dd>\n\t\t\t\t\t<p><span class=\"wpcf7-form-control-wrap\" data-name=\"your-company\"><input size=\"40\" class=\"wpcf7-form-control wpcf7-text wpcf7-validates-as-required\" id=\"name\" aria-required=\"true\" aria-invalid=\"false\" value=\"\" type=\"text\" name=\"your-company\" \/><\/span>\n\t\t\t\t\t<\/p>\n\t\t\t\t<\/dd>\n\t\t\t<\/dl>\n\t\t\t<dl>\n\t\t\t\t<dt>\n\t\t\t\t\t<p><span class=\"label\">Name<\/span><span class=\"required\">Required<\/span>\n\t\t\t\t\t<\/p>\n\t\t\t\t<\/dt>\n\t\t\t\t<dd>\n\t\t\t\t\t<p><span class=\"wpcf7-form-control-wrap\" data-name=\"your-name\"><input size=\"40\" class=\"wpcf7-form-control wpcf7-text wpcf7-validates-as-required\" aria-required=\"true\" aria-invalid=\"false\" value=\"\" type=\"text\" name=\"your-name\" \/><\/span>\n\t\t\t\t\t<\/p>\n\t\t\t\t<\/dd>\n\t\t\t<\/dl>\n\t\t\t<dl>\n\t\t\t\t<dt>\n\t\t\t\t\t<p><span class=\"label\">Email address<\/span><span class=\"required\">Required<\/span>\n\t\t\t\t\t<\/p>\n\t\t\t\t<\/dt>\n\t\t\t\t<dd>\n\t\t\t\t\t<p><span class=\"wpcf7-form-control-wrap\" data-name=\"your-email\"><input size=\"40\" class=\"wpcf7-form-control wpcf7-email wpcf7-validates-as-required wpcf7-text wpcf7-validates-as-email\" id=\"email\" aria-required=\"true\" aria-invalid=\"false\" value=\"\" type=\"email\" name=\"your-email\" \/><\/span>\n\t\t\t\t\t<\/p>\n\t\t\t\t<\/dd>\n\t\t\t<\/dl>\n\t\t\t<dl>\n\t\t\t\t<dt>\n\t\t\t\t\t<p><span class=\"label\">Message *If you are requesting information only, please leave this blank.<\/span>\n\t\t\t\t\t<\/p>\n\t\t\t\t<\/dt>\n\t\t\t\t<dd>\n\t\t\t\t\t<p><span class=\"wpcf7-form-control-wrap\" data-name=\"your-info\"><textarea cols=\"40\" rows=\"10\" class=\"wpcf7-form-control wpcf7-textarea\" id=\"info\" aria-invalid=\"false\" name=\"your-info\"><\/textarea><\/span>\n\t\t\t\t\t<\/p>\n\t\t\t\t<\/dd>\n\t\t\t<\/dl>\n\t\t\t<div class=\"submit-button\">\n\t\t\t\t<p><input class=\"wpcf7-form-control wpcf7-submit has-spinner\" type=\"submit\" value=\"Send\" \/>\n\t\t\t\t<\/p>\n\t\t\t<\/div>\n\t\t<\/div>\n\t\t<p><script>\ndocument.addEventListener( 'wpcf7mailsent', function( event ) {\n location = 'https:\/\/monolith.law\/vi\/request\/thanks';\n}, false );\n<\/script>\n\t\t<\/p>\n\t<\/div>\n<\/section><div class=\"wpcf7-response-output\" aria-hidden=\"true\"><\/div>\n<\/form>\n<\/div>\n\n","protected":false},"excerpt":{"rendered":"<p>Y\u00eau c\u1ea7u th\u00f4ng tin MONOLITH LAW OFFICE l\u00e0 m\u1ed9t v\u0103n ph\u00f2ng lu\u1eadt s\u01b0 t\u1ea1i Otemachi, Tokyo, chuy\u00ean v\u1ec1 c\u00e1c d\u1ecbch v\u1ee5 ph\u00e1p l\u00fd li\u00ean quan \u0111\u1ebfn IT, Internet v\u00e0 kinh doanh. D\u01b0\u1edbi s\u1ef1 l\u00e3nh \u0111\u1ea1o c\u1ee7a lu\u1eadt s\u01b0 \u0111\u1ea1i di\u1ec7n c\u1ee7a ch [&hellip;]<\/p>\n","protected":false},"author":1,"featured_media":57134,"parent":0,"menu_order":11,"comment_status":"closed","ping_status":"closed","template":"non-other-page-temp.php","meta":{"footnotes":""},"acf":[],"_links":{"self":[{"href":"https:\/\/monolith.law\/vi\/wp-json\/wp\/v2\/pages\/9102"}],"collection":[{"href":"https:\/\/monolith.law\/vi\/wp-json\/wp\/v2\/pages"}],"about":[{"href":"https:\/\/monolith.law\/vi\/wp-json\/wp\/v2\/types\/page"}],"author":[{"embeddable":true,"href":"https:\/\/monolith.law\/vi\/wp-json\/wp\/v2\/users\/1"}],"replies":[{"embeddable":true,"href":"https:\/\/monolith.law\/vi\/wp-json\/wp\/v2\/comments?post=9102"}],"version-history":[{"count":11,"href":"https:\/\/monolith.law\/vi\/wp-json\/wp\/v2\/pages\/9102\/revisions"}],"predecessor-version":[{"id":61097,"href":"https:\/\/monolith.law\/vi\/wp-json\/wp\/v2\/pages\/9102\/revisions\/61097"}],"wp:featuredmedia":[{"embeddable":true,"href":"https:\/\/monolith.law\/vi\/wp-json\/wp\/v2\/media\/57134"}],"wp:attachment":[{"href":"https:\/\/monolith.law\/vi\/wp-json\/wp\/v2\/media?parent=9102"}],"curies":[{"name":"wp","href":"https:\/\/api.w.org\/{rel}","templated":true}]}}